{"id":686,"date":"2025-11-18T10:25:41","date_gmt":"2025-11-18T10:25:41","guid":{"rendered":"https:\/\/agtn.ee\/?page_id=686"},"modified":"2025-11-18T10:43:06","modified_gmt":"2025-11-18T10:43:06","slug":"hinna","status":"publish","type":"page","link":"https:\/\/agtn.ee\/ru\/hinna\/","title":{"rendered":"HINNA"},"content":{"rendered":"\t\t<div data-elementor-type=\"wp-page\" data-elementor-id=\"686\" class=\"elementor elementor-686\" data-elementor-settings=\"{&quot;element_pack_global_tooltip_width&quot;:{&quot;unit&quot;:&quot;px&quot;,&quot;size&quot;:&quot;&quot;,&quot;sizes&quot;:[]},&quot;element_pack_global_tooltip_width_tablet&quot;:{&quot;unit&quot;:&quot;px&quot;,&quot;size&quot;:&quot;&quot;,&quot;sizes&quot;:[]},&quot;element_pack_global_tooltip_width_mobile&quot;:{&quot;unit&quot;:&quot;px&quot;,&quot;size&quot;:&quot;&quot;,&quot;sizes&quot;:[]},&quot;element_pack_global_tooltip_padding&quot;:{&quot;unit&quot;:&quot;px&quot;,&quot;top&quot;:&quot;&quot;,&quot;right&quot;:&quot;&quot;,&quot;bottom&quot;:&quot;&quot;,&quot;left&quot;:&quot;&quot;,&quot;isLinked&quot;:true},&quot;element_pack_global_tooltip_padding_tablet&quot;:{&quot;unit&quot;:&quot;px&quot;,&quot;top&quot;:&quot;&quot;,&quot;right&quot;:&quot;&quot;,&quot;bottom&quot;:&quot;&quot;,&quot;left&quot;:&quot;&quot;,&quot;isLinked&quot;:true},&quot;element_pack_global_tooltip_padding_mobile&quot;:{&quot;unit&quot;:&quot;px&quot;,&quot;top&quot;:&quot;&quot;,&quot;right&quot;:&quot;&quot;,&quot;bottom&quot;:&quot;&quot;,&quot;left&quot;:&quot;&quot;,&quot;isLinked&quot;:true},&quot;element_pack_global_tooltip_border_radius&quot;:{&quot;unit&quot;:&quot;px&quot;,&quot;top&quot;:&quot;&quot;,&quot;right&quot;:&quot;&quot;,&quot;bottom&quot;:&quot;&quot;,&quot;left&quot;:&quot;&quot;,&quot;isLinked&quot;:true},&quot;element_pack_global_tooltip_border_radius_tablet&quot;:{&quot;unit&quot;:&quot;px&quot;,&quot;top&quot;:&quot;&quot;,&quot;right&quot;:&quot;&quot;,&quot;bottom&quot;:&quot;&quot;,&quot;left&quot;:&quot;&quot;,&quot;isLinked&quot;:true},&quot;element_pack_global_tooltip_border_radius_mobile&quot;:{&quot;unit&quot;:&quot;px&quot;,&quot;top&quot;:&quot;&quot;,&quot;right&quot;:&quot;&quot;,&quot;bottom&quot;:&quot;&quot;,&quot;left&quot;:&quot;&quot;,&quot;isLinked&quot;:true}}\">\n\t\t\t\t<div class=\"elementor-element elementor-element-40929561 e-flex e-con-boxed e-con e-parent\" data-id=\"40929561\" data-element_type=\"container\" data-e-type=\"container\">\n\t\t\t\t\t<div class=\"e-con-inner\">\n\t\t<div class=\"elementor-element elementor-element-341a85f9 e-con-full e-flex elementor-invisible e-con e-child\" data-id=\"341a85f9\" data-element_type=\"container\" data-e-type=\"container\" data-settings=\"{&quot;background_background&quot;:&quot;gradient&quot;,&quot;animation_delay&quot;:&quot;500&quot;,&quot;animation&quot;:&quot;fadeInUp&quot;}\">\n\t\t<div class=\"elementor-element elementor-element-8511992 e-con-full e-flex elementor-invisible e-con e-child\" data-id=\"8511992\" data-element_type=\"container\" data-e-type=\"container\" data-settings=\"{&quot;background_background&quot;:&quot;classic&quot;,&quot;animation_delay&quot;:&quot;1300&quot;,&quot;animation&quot;:&quot;fadeInUp&quot;}\">\n\t\t\t\t<div class=\"elementor-element elementor-element-904e55b elementor-widget elementor-widget-formidable\" data-id=\"904e55b\" data-element_type=\"widget\" data-e-type=\"widget\" data-widget_type=\"formidable.default\">\n\t\t\t\t<div class=\"elementor-widget-container\">\n\t\t\t\t\t<div class=\"frm_forms  with_frm_style frm_style_formidable-style\" id=\"frm_form_2_container\" >\n<form enctype=\"multipart\/form-data\" method=\"post\" class=\"frm-show-form  frm_ajax_submit  frm_pro_form \" id=\"form_valige-oma-koogi-kuju\" >\n<div class=\"frm_form_fields  frm_page_num_1\">\n<fieldset>\n<legend class=\"frm_screen_reader\">K\u00f6\u00f6gim\u00f6\u00f6bli hinnap\u00e4ring<\/legend>\r\n\r\n<div class=\"frm_fields_container\">\n<div class=\"frm_rootline_group\" role=\"group\" tabindex=\"0\" aria-label=\"Page 1 of 7\" ><ul class=\"frm_page_bar frm_rootline_7 frm_rootline frm_rootline_line  frm_show_lines \"><li class=\"frm_rootline_single frm_current_page\"><input type=\"button\" value=\"1\" data-page=\"\" class=\" frm_page_1\" aria-disabled=\"true\" data-field=\"0\" aria-label=\"Page 1\"  \/><\/li><li class=\"frm_rootline_single\"><input type=\"button\" value=\"2\" data-page=\"22\" class=\"frm_page_skip frm_page_2\" data-field=\"26\" aria-label=\"Edasi\"  \/><\/li><li class=\"frm_rootline_single\"><input type=\"button\" value=\"3\" data-page=\"29\" class=\"frm_page_skip frm_page_3\" data-field=\"27\" aria-label=\"Next\"  \/><\/li><li class=\"frm_rootline_single\"><input type=\"button\" value=\"4\" data-page=\"33\" class=\"frm_page_skip frm_page_4\" data-field=\"29\" aria-label=\"Next\"  \/><\/li><li class=\"frm_rootline_single\"><input type=\"button\" value=\"5\" data-page=\"40\" class=\"frm_page_skip frm_page_5\" data-field=\"33\" aria-label=\"Next\"  \/><\/li><li class=\"frm_rootline_single\"><input type=\"button\" value=\"6\" data-page=\"47\" class=\"frm_page_skip frm_page_6\" data-field=\"37\" aria-label=\"Next\"  \/><\/li>\t\t<li class=\"frm_rootline_single frm_rootline_show_hidden_steps_btn frm_hidden\">\n\t\t\t<input type=\"button\" class=\"frm_rootline_show_more_btn\" value=\"\u00b7\u00b7\u00b7\" \/>\n\t\t\t<ul class=\"frm_rootline_hidden_steps frm_hidden\"><\/ul>\n\t\t<\/li>\n\t\t<li class=\"frm_rootline_single\"><input type=\"button\" value=\"7\" data-page=\"54\" class=\"frm_page_skip frm_page_7\" data-field=\"41\" aria-label=\"Next\"  \/><\/li><\/ul><div class=\"frm_clearfix\"><\/div><\/div><input type=\"hidden\" name=\"frm_action\" value=\"create\" \/>\n<input type=\"hidden\" name=\"form_id\" value=\"2\" \/>\n<input type=\"hidden\" name=\"frm_hide_fields_2\" id=\"frm_hide_fields_2\" value=\"\" \/>\n<input type=\"hidden\" name=\"form_key\" value=\"valige-oma-koogi-kuju\" \/>\n<input type=\"hidden\" name=\"item_meta[0]\" value=\"\" \/>\n<input type=\"hidden\" id=\"frm_submit_entry_2\" name=\"frm_submit_entry_2\" value=\"25ba3d5178\" \/><input type=\"hidden\" name=\"_wp_http_referer\" value=\"\/ru\/wp-json\/wp\/v2\/pages\/686\" \/><div id=\"frm_field_7_container\" class=\"frm_form_field form-field  frm_required_field frm_top_container frm_first frm_image_options frm_image_size_small \">\r\n\t<div  id=\"field_53gkb_label\" class=\"frm_primary_label\">Valige oma k\u00f6\u00f6gi kuju\r\n\t\t<span class=\"frm_required\" aria-hidden=\"true\">*<\/span>\r\n\t<\/div>\r\n\t<div class=\"frm_opt_container\" aria-labelledby=\"field_53gkb_label\" role=\"radiogroup\" aria-required=\"true\">\t<div class=\"frm_radio  frm_image_option frm_image_small\" id=\"frm_radio_7-0\"><label for=\"field_53gkb-0\">\t<input type=\"radio\" name=\"item_meta[7]\" id=\"field_53gkb-0\" value=\"Sirge\"\n\t  data-reqmsg=\"Valige oma k\u00f6\u00f6gi kuju cannot be blank.\" data-invmsg=\"Valige oma k\u00f6\u00f6gi kuju is invalid\"  \/> <div class=\"frm_image_option_container frm_label_with_image\"><img decoding=\"async\" src=\"https:\/\/agtn.ee\/wp-content\/uploads\/2025\/11\/23.webp\" alt=\"Sirge\" \/><span class=\"frm_text_label_for_image\"><span class=\"frm_text_label_for_image_inner\">Sirge<\/span><\/span><\/div><\/label><\/div>\n\t<div class=\"frm_radio  frm_image_option frm_image_small\" id=\"frm_radio_7-1\"><label for=\"field_53gkb-1\">\t<input type=\"radio\" name=\"item_meta[7]\" id=\"field_53gkb-1\" value=\"Nurgaline\"\n\t  data-reqmsg=\"Valige oma k\u00f6\u00f6gi kuju cannot be blank.\" data-invmsg=\"Valige oma k\u00f6\u00f6gi kuju is invalid\"  \/> <div class=\"frm_image_option_container frm_label_with_image\"><img decoding=\"async\" src=\"https:\/\/agtn.ee\/wp-content\/uploads\/2025\/11\/0.webp\" alt=\"Nurgaline\" \/><span class=\"frm_text_label_for_image\"><span class=\"frm_text_label_for_image_inner\">Nurgaline<\/span><\/span><\/div><\/label><\/div>\n\t<div class=\"frm_radio  frm_image_option frm_image_small\" id=\"frm_radio_7-2\"><label for=\"field_53gkb-2\">\t<input type=\"radio\" name=\"item_meta[7]\" id=\"field_53gkb-2\" value=\"P-kujuline\"\n\t  data-reqmsg=\"Valige oma k\u00f6\u00f6gi kuju cannot be blank.\" data-invmsg=\"Valige oma k\u00f6\u00f6gi kuju is invalid\"  \/> <div class=\"frm_image_option_container frm_label_with_image\"><img decoding=\"async\" src=\"https:\/\/agtn.ee\/wp-content\/uploads\/2025\/11\/94.webp\" alt=\"P-kujuline\" \/><span class=\"frm_text_label_for_image\"><span class=\"frm_text_label_for_image_inner\">P-kujuline<\/span><\/span><\/div><\/label><\/div>\n\t<div class=\"frm_radio  frm_image_option frm_image_small\" id=\"frm_radio_7-3\"><label for=\"field_53gkb-3\">\t<input type=\"radio\" name=\"item_meta[7]\" id=\"field_53gkb-3\" value=\"Saarega\"\n\t  data-reqmsg=\"Valige oma k\u00f6\u00f6gi kuju cannot be blank.\" data-invmsg=\"Valige oma k\u00f6\u00f6gi kuju is invalid\"  \/> <div class=\"frm_image_option_container frm_label_with_image\"><img decoding=\"async\" src=\"https:\/\/agtn.ee\/wp-content\/uploads\/2025\/11\/05.webp\" alt=\"Saarega\" \/><span class=\"frm_text_label_for_image\"><span class=\"frm_text_label_for_image_inner\">Saarega<\/span><\/span><\/div><\/label><\/div>\n<\/div>\r\n\t\r\n\t\r\n<\/div>\n<div id=\"frm_field_10_container\" class=\"frm_form_field  frm3 frm_first frm_html_container form-field\">\n<p><img fetchpriority=\"high\" decoding=\"async\" class=\"alignnone wp-image-655\" src=\"https:\/\/agtn.ee\/wp-content\/uploads\/2025\/11\/235454-300x200.png\" alt=\"\" width=\"290\" height=\"194\" data-mce-src=\"https:\/\/agtn.ee\/wp-content\/uploads\/2025\/11\/235454-300x200.png\" srcset=\"https:\/\/agtn.ee\/wp-content\/uploads\/2025\/11\/235454-300x200.png 300w, https:\/\/agtn.ee\/wp-content\/uploads\/2025\/11\/235454-18x12.png 18w, https:\/\/agtn.ee\/wp-content\/uploads\/2025\/11\/235454.png 334w\" sizes=\"(max-width: 290px) 100vw, 290px\" \/><\/p>\n<\/div>\n<div id=\"frm_field_8_container\" class=\"frm_form_field form-field  frm_required_field frm_top_container frm9\">\r\n\t<label for=\"field_689lc\" id=\"field_689lc_label\" class=\"frm_primary_label\">Sisestage k\u00f6\u00f6gi pikkus\r\n\t\t<span class=\"frm_required\" aria-hidden=\"true\">*<\/span>\r\n\t<\/label>\r\n\t<input type=\"number\" id=\"field_689lc\" name=\"item_meta[8]\" value=\"\" placeholder=\"Naiteks: 200cm\" data-reqmsg=\"Sisestage k\u00f6\u00f6gi pikkus cannot be blank.\" aria-required=\"true\" data-invmsg=\"Sisestage k\u00f6\u00f6gi pikkus is invalid\" aria-invalid=\"false\"   min=\"0\" max=\"5500\" step=\"any\" \/>\r\n\t\r\n\t\r\n<\/div>\n<div id=\"frm_field_12_container\" class=\"frm_form_field  frm4 frm_first frm_html_container form-field\">\n<p><img decoding=\"async\" class=\"alignnone size-full wp-image-654\" src=\"https:\/\/agtn.ee\/wp-content\/uploads\/2025\/11\/1-2.png\" alt=\"\" width=\"290\" height=\"240\" data-mce-src=\"https:\/\/agtn.ee\/wp-content\/uploads\/2025\/11\/1-2.png\" srcset=\"https:\/\/agtn.ee\/wp-content\/uploads\/2025\/11\/1-2.png 290w, https:\/\/agtn.ee\/wp-content\/uploads\/2025\/11\/1-2-15x12.png 15w\" sizes=\"(max-width: 290px) 100vw, 290px\" \/><\/p>\n<\/div>\n<div id=\"frm_field_13_container\" class=\"frm_form_field form-field  frm_required_field frm_top_container frm4\">\r\n\t<label for=\"field_yxui6\" id=\"field_yxui6_label\" class=\"frm_primary_label\">Sisestage k\u00f6\u00f6gi pikkus A:\r\n\t\t<span class=\"frm_required\" aria-hidden=\"true\">*<\/span>\r\n\t<\/label>\r\n\t<input type=\"number\" id=\"field_yxui6\" name=\"item_meta[13]\" value=\"\" placeholder=\"Naiteks: 220cm\" data-reqmsg=\"Sisestage k\u00f6\u00f6gi pikkus A: cannot be blank.\" aria-required=\"true\" data-invmsg=\"Sisestage k\u00f6\u00f6gi pikkus A: is invalid\" aria-invalid=\"false\"   min=\"0\" max=\"550\" step=\"any\" \/>\r\n\t\r\n\t\r\n<\/div>\n<div id=\"frm_field_14_container\" class=\"frm_form_field form-field  frm_required_field frm_top_container frm4\">\r\n\t<label for=\"field_dvlq5\" id=\"field_dvlq5_label\" class=\"frm_primary_label\">Sisestage k\u00f6\u00f6gi pikkus B:\r\n\t\t<span class=\"frm_required\" aria-hidden=\"true\">*<\/span>\r\n\t<\/label>\r\n\t<input type=\"number\" id=\"field_dvlq5\" name=\"item_meta[14]\" value=\"\" placeholder=\"Naiteks: 220cm\" data-reqmsg=\"Sisestage k\u00f6\u00f6gi pikkus B: cannot be blank.\" aria-required=\"true\" data-invmsg=\"Sisestage k\u00f6\u00f6gi pikkus B: is invalid\" aria-invalid=\"false\"   min=\"0\" max=\"550\" step=\"any\" \/>\r\n\t\r\n\t\r\n<\/div>\n<div id=\"frm_field_15_container\" class=\"frm_form_field  frm3 frm_first frm_html_container form-field\">\n<p><img decoding=\"async\" class=\"alignnone size-full wp-image-656\" src=\"https:\/\/agtn.ee\/wp-content\/uploads\/2025\/11\/1-3.png\" alt=\"\" width=\"290\" height=\"240\" data-mce-src=\"https:\/\/agtn.ee\/wp-content\/uploads\/2025\/11\/1-3.png\" srcset=\"https:\/\/agtn.ee\/wp-content\/uploads\/2025\/11\/1-3.png 290w, https:\/\/agtn.ee\/wp-content\/uploads\/2025\/11\/1-3-15x12.png 15w\" sizes=\"(max-width: 290px) 100vw, 290px\" \/><\/p>\n<\/div>\n<div id=\"frm_field_16_container\" class=\"frm_form_field form-field  frm_required_field frm_top_container frm3\">\r\n\t<label for=\"field_9ozcb\" id=\"field_9ozcb_label\" class=\"frm_primary_label\">Sisestage k\u00f6\u00f6gi pikkus B:\r\n\t\t<span class=\"frm_required\" aria-hidden=\"true\">*<\/span>\r\n\t<\/label>\r\n\t<input type=\"number\" id=\"field_9ozcb\" name=\"item_meta[16]\" value=\"\" placeholder=\"Naiteks: 220cm\" data-reqmsg=\"Sisestage k\u00f6\u00f6gi pikkus B: cannot be blank.\" aria-required=\"true\" data-invmsg=\"Sisestage k\u00f6\u00f6gi pikkus B: is invalid\" aria-invalid=\"false\"   min=\"0\" max=\"550\" step=\"any\" \/>\r\n\t\r\n\t\r\n<\/div>\n<div id=\"frm_field_17_container\" class=\"frm_form_field form-field  frm_required_field frm_top_container frm3\">\r\n\t<label for=\"field_etx9k\" id=\"field_etx9k_label\" class=\"frm_primary_label\">Sisestage k\u00f6\u00f6gi pikkus A:\r\n\t\t<span class=\"frm_required\" aria-hidden=\"true\">*<\/span>\r\n\t<\/label>\r\n\t<input type=\"number\" id=\"field_etx9k\" name=\"item_meta[17]\" value=\"\" placeholder=\"Naiteks: 220cm\" data-reqmsg=\"Sisestage k\u00f6\u00f6gi pikkus A: cannot be blank.\" aria-required=\"true\" data-invmsg=\"Sisestage k\u00f6\u00f6gi pikkus A: is invalid\" aria-invalid=\"false\"   min=\"0\" max=\"550\" step=\"any\" \/>\r\n\t\r\n\t\r\n<\/div>\n<div id=\"frm_field_18_container\" class=\"frm_form_field form-field  frm_required_field frm_top_container frm3\">\r\n\t<label for=\"field_ckj0h\" id=\"field_ckj0h_label\" class=\"frm_primary_label\">Sisestage k\u00f6\u00f6gi pikkus C:\r\n\t\t<span class=\"frm_required\" aria-hidden=\"true\">*<\/span>\r\n\t<\/label>\r\n\t<input type=\"number\" id=\"field_ckj0h\" name=\"item_meta[18]\" value=\"\" placeholder=\"Naiteks: 220cm\" data-reqmsg=\"Sisestage k\u00f6\u00f6gi pikkus C: cannot be blank.\" aria-required=\"true\" data-invmsg=\"Sisestage k\u00f6\u00f6gi pikkus C: is invalid\" aria-invalid=\"false\"   min=\"0\" max=\"550\" step=\"any\" \/>\r\n\t\r\n\t\r\n<\/div>\n<div id=\"frm_field_22_container\" class=\"frm_form_field  frm4 frm_first frm_html_container form-field\">\n<p><img loading=\"lazy\" decoding=\"async\" class=\"alignnone size-full wp-image-657\" src=\"https:\/\/agtn.ee\/wp-content\/uploads\/2025\/11\/1-4.png\" alt=\"\" width=\"290\" height=\"240\" srcset=\"https:\/\/agtn.ee\/wp-content\/uploads\/2025\/11\/1-4.png 290w, https:\/\/agtn.ee\/wp-content\/uploads\/2025\/11\/1-4-15x12.png 15w\" sizes=\"(max-width: 290px) 100vw, 290px\" \/><\/p>\n<\/div>\n<div id=\"frm_field_21_container\" class=\"frm_form_field form-field  frm_required_field frm_top_container frm4\">\r\n\t<label for=\"field_3m6yj\" id=\"field_3m6yj_label\" class=\"frm_primary_label\">Sisesta suurus A:\r\n\t\t<span class=\"frm_required\" aria-hidden=\"true\">*<\/span>\r\n\t<\/label>\r\n\t<input type=\"number\" id=\"field_3m6yj\" name=\"item_meta[21]\" value=\"\" placeholder=\"Naiteks: 220cm\" data-reqmsg=\"Sisesta suurus A: cannot be blank.\" aria-required=\"true\" data-invmsg=\"Sisesta suurus A: is invalid\" aria-invalid=\"false\"   min=\"0\" max=\"550\" step=\"any\" \/>\r\n\t\r\n\t\r\n<\/div>\n<div id=\"frm_field_20_container\" class=\"frm_form_field form-field  frm_required_field frm_top_container frm4\">\r\n\t<label for=\"field_vhq3f\" id=\"field_vhq3f_label\" class=\"frm_primary_label\">Sisesta suurus B:\r\n\t\t<span class=\"frm_required\" aria-hidden=\"true\">*<\/span>\r\n\t<\/label>\r\n\t<input type=\"number\" id=\"field_vhq3f\" name=\"item_meta[20]\" value=\"\" placeholder=\"Naiteks: 220cm\" data-reqmsg=\"Sisesta suurus B: cannot be blank.\" aria-required=\"true\" data-invmsg=\"Sisesta suurus B: is invalid\" aria-invalid=\"false\"   min=\"0\" max=\"550\" step=\"any\" \/>\r\n\t\r\n\t\r\n<\/div>\n<input type=\"hidden\" name=\"frm_page_order_2\" id=\"frm_page_order_2\" value=\"22\" \/><input type=\"hidden\" name=\"item_meta[23]\" id=\"field_56ijj\" value=\"\"     \/>\n<input type=\"hidden\" name=\"item_meta[24]\" id=\"field_3di0s\" value=\"\"     \/>\n<input type=\"hidden\" name=\"item_meta[25]\" id=\"field_iajmd-0\" value=\"\"     \/>\n<input type=\"hidden\" name=\"item_meta[27]\" id=\"field_remda\" value=\"\"     \/>\n<input type=\"hidden\" name=\"item_meta[28]\" id=\"field_u58bn-0\" value=\"\"     \/>\n<input type=\"hidden\" name=\"item_meta[29]\" id=\"field_s1n5i\" value=\"\"     \/>\n<input type=\"hidden\" name=\"item_meta[30]\" id=\"field_pmo2s\" value=\"\"     \/>\n<input type=\"hidden\" name=\"item_meta[31]\" id=\"field_s6t25\" value=\"\"     \/>\n<input type=\"hidden\" name=\"item_meta[32]\" id=\"field_payas-0\" value=\"\"     \/>\n<input type=\"hidden\" name=\"item_meta[33]\" id=\"field_mer4q\" value=\"\"     \/>\n<input type=\"hidden\" name=\"item_meta[34]\" id=\"field_89xmf\" value=\"\"     \/>\n<input type=\"hidden\" name=\"item_meta[35]\" id=\"field_bwvu5\" value=\"\"     \/>\n<input type=\"hidden\" name=\"item_meta[36]\" id=\"field_uegkh-0\" value=\"\"     \/>\n<input type=\"hidden\" name=\"item_meta[37]\" id=\"field_24cgm\" value=\"\"     \/>\n<input type=\"hidden\" name=\"item_meta[38]\" id=\"field_xsdha\" value=\"\"     \/>\n<input type=\"hidden\" name=\"item_meta[39]\" id=\"field_c1sa2\" value=\"\"     \/>\n<input type=\"hidden\" name=\"item_meta[40]\" id=\"field_wr7x3-0\" value=\"\"     \/>\n<input type=\"hidden\" name=\"item_meta[41]\" id=\"field_2oop2\" value=\"\"     \/>\n<input type=\"hidden\" name=\"item_meta[43]\" id=\"field_2sng8\" value=\"\"     \/>\n<input type=\"hidden\" name=\"item_meta[44]\" id=\"field_b0inu\" value=\"\"     \/>\n<input type=\"hidden\" name=\"item_meta[45]\" id=\"field_chbkl\" value=\"\"     \/>\n<input type=\"hidden\" name=\"item_meta[46]\" id=\"field_fes2m\" value=\"\"  autocomplete=\"email\"     \/>\n<input type=\"hidden\" name=\"item_meta[47]\" id=\"field_la7sc\" value=\"\"     \/>\n<input type=\"hidden\" name=\"item_meta[49]\" id=\"field_th4c9\" value=\"\"     \/>\n<input type=\"hidden\" name=\"item_meta[6]\" id=\"field_submit\" value=\"\"     \/>\n\t<input type=\"hidden\" name=\"item_key\" value=\"\" \/>\n\t\t\t<div id=\"frm_field_50_container\">\n\t\t\t<label for=\"field_gagi\" >\n\t\t\t\t\u0415\u0441\u043b\u0438 \u0432\u044b \u0447\u0435\u043b\u043e\u0432\u0435\u043a, \u043e\u0441\u0442\u0430\u0432\u044c\u0442\u0435 \u044d\u0442\u043e \u043f\u043e\u043b\u0435 \u043f\u0443\u0441\u0442\u044b\u043c.\t\t\t<\/label>\n\t\t\t<input  id=\"field_gagi\" type=\"text\" class=\"frm_form_field form-field frm_verify\" name=\"item_meta[50]\" value=\"\"  \/>\n\t\t<\/div>\n\t\t<input name=\"frm_state\" type=\"hidden\" value=\"C2nTK1TFl2guoV6qpX4cqBV9dugP861H91ar1RmWcP7qPZR\/gHI+M0+OVM5KIBV5\" \/><div class=\"frm_submit frm_flex\">\r\n<button class=\"frm_button_submit\" type=\"submit\"  >Edasi<\/button>\r\n\r\n\r\n\r\n<\/div><\/div>\n<\/fieldset>\n<\/div>\n\n<\/form>\n<\/div>\n\t\t\t\t<\/div>\n\t\t\t\t<\/div>\n\t\t\t\t<\/div>\n\t\t\t\t<\/div>\n\t\t\t\t\t<\/div>\n\t\t\t\t<\/div>\n\t\t\t\t<\/div>\n\t\t","protected":false},"excerpt":{"rendered":"<p>K\u00f6\u00f6gim\u00f6\u00f6bli hinnap\u00e4ring Valige oma k\u00f6\u00f6gi kuju * Sirge Nurgaline P-kujuline Saarega Sisestage k\u00f6\u00f6gi pikkus * Sisestage k\u00f6\u00f6gi pikkus A: * Sisestage k\u00f6\u00f6gi [&hellip;]<\/p>\n","protected":false},"author":1,"featured_media":0,"parent":0,"menu_order":0,"comment_status":"closed","ping_status":"closed","template":"","meta":{"footnotes":""},"class_list":["post-686","page","type-page","status-publish","hentry"],"_links":{"self":[{"href":"https:\/\/agtn.ee\/ru\/wp-json\/wp\/v2\/pages\/686","targetHints":{"allow":["GET"]}}],"collection":[{"href":"https:\/\/agtn.ee\/ru\/wp-json\/wp\/v2\/pages"}],"about":[{"href":"https:\/\/agtn.ee\/ru\/wp-json\/wp\/v2\/types\/page"}],"author":[{"embeddable":true,"href":"https:\/\/agtn.ee\/ru\/wp-json\/wp\/v2\/users\/1"}],"replies":[{"embeddable":true,"href":"https:\/\/agtn.ee\/ru\/wp-json\/wp\/v2\/comments?post=686"}],"version-history":[{"count":19,"href":"https:\/\/agtn.ee\/ru\/wp-json\/wp\/v2\/pages\/686\/revisions"}],"predecessor-version":[{"id":705,"href":"https:\/\/agtn.ee\/ru\/wp-json\/wp\/v2\/pages\/686\/revisions\/705"}],"wp:attachment":[{"href":"https:\/\/agtn.ee\/ru\/wp-json\/wp\/v2\/media?parent=686"}],"curies":[{"name":"wp","href":"https:\/\/api.w.org\/{rel}","templated":true}]}}